{"id":52,"date":"2015-10-28T12:47:49","date_gmt":"2015-10-28T09:47:49","guid":{"rendered":"https:\/\/ecards.mawthuq.net\/es\/?page_id=52"},"modified":"2015-11-03T15:33:20","modified_gmt":"2015-11-03T12:33:20","slug":"about-us","status":"publish","type":"page","link":"https:\/\/ecards.mawthuq.net\/ro\/about-us\/","title":{"rendered":"Sobre nosotros"},"content":{"rendered":"<p><em>E-Cards.mawthuq.net\/es<\/em>\u00a0es una de las p\u00e1ginas webs de Comit\u00e9\u00a0E-Da`wah, afiliado a la Sociedad Ben\u00e9fica Al-Najat<\/p>\n<p><strong>Los prop\u00f3sitos de la web son:\u00a0<\/strong><\/p>\n<ul>\n<li>Alcanzar el mayor n\u00famero de usuarios de Internet posibles<\/li>\n<li>Incrementar la cultura isl\u00e1mica extendiendo el conocimiento isl\u00e1mico correcto<\/li>\n<li>Reforzar y consolidar la identidad isl\u00e1mica<\/li>\n<li>Aumente la consciencia de los usuarios de smart-phones sobre la importancia del\u00a0Da`wah (la llamada la Islam)<\/li>\n<li>Presentar el Islam a los no-musulmanes<\/li>\n<\/ul>\n","protected":false},"excerpt":{"rendered":"<p>E-Cards.mawthuq.net\/es\u00a0es una de las p\u00e1ginas webs de Comit\u00e9\u00a0E-Da`wah, afiliado a la Sociedad Ben\u00e9fica Al-Najat Los prop\u00f3sitos de la web son:\u00a0 Alcanzar el mayor n\u00famero de usuarios de Internet posibles Incrementar la cultura isl\u00e1mica extendiendo el conocimiento isl\u00e1mico correcto Reforzar y consolidar la identidad isl\u00e1mica Aumente la consciencia de los usuarios de smart-phones sobre la importancia [&hellip;]<\/p>\n","protected":false},"author":1,"featured_media":0,"parent":0,"menu_order":0,"comment_status":"closed","ping_status":"closed","template":"","meta":{"jetpack_post_was_ever_published":false,"footnotes":""},"class_list":["post-52","page","type-page","status-publish","hentry"],"yoast_head":"<!-- This site is optimized with the Yoast SEO plugin v27.4 - https:\/\/yoast.com\/product\/yoast-seo-wordpress\/ -->\n<title>Sobre nosotros<\/title>\n<meta name=\"description\" content=\"Sobre nosotros: E-Cards.mawthuq.net\/es es una de las p\u00e1ginas webs de Comit\u00e9 E-Da`wah, afiliado a la Sociedad Ben\u00e9fica Al-Najat\" \/>\n<meta name=\"robots\" content=\"index, follow, max-snippet:-1, max-image-preview:large, max-video-preview:-1\" \/>\n<link rel=\"canonical\" href=\"https:\/\/ecards.mawthuq.net\/ro\/about-us\/\" \/>\n<meta property=\"og:locale\" content=\"ro_RO\" \/>\n<meta property=\"og:type\" content=\"article\" \/>\n<meta property=\"og:title\" content=\"Sobre nosotros\" \/>\n<meta property=\"og:description\" content=\"Sobre nosotros: E-Cards.mawthuq.net\/es es una de las p\u00e1ginas webs de Comit\u00e9 E-Da`wah, afiliado a la Sociedad Ben\u00e9fica Al-Najat\" \/>\n<meta property=\"og:url\" content=\"https:\/\/ecards.mawthuq.net\/ro\/about-us\/\" \/>\n<meta property=\"og:site_name\" content=\"WhatsApp and Social Media e-Cards\" \/>\n<meta property=\"article:publisher\" content=\"https:\/\/www.facebook.com\/pages\/DawahCards\/1459258297701338\" \/>\n<meta property=\"article:modified_time\" content=\"2015-11-03T12:33:20+00:00\" \/>\n<meta property=\"og:image\" content=\"https:\/\/ecards.mawthuq.net\/ro\/wp-content\/uploads\/2017\/08\/e-cards.jpg\" \/>\n\t<meta property=\"og:image:width\" content=\"1200\" \/>\n\t<meta property=\"og:image:height\" content=\"630\" \/>\n\t<meta property=\"og:image:type\" content=\"image\/jpeg\" \/>\n<meta name=\"twitter:card\" content=\"summary_large_image\" \/>\n<meta name=\"twitter:site\" content=\"@DawahCards\" \/>\n<script type=\"application\/ld+json\" class=\"yoast-schema-graph\">{\"@context\":\"https:\\\/\\\/schema.org\",\"@graph\":[{\"@type\":\"WebPage\",\"@id\":\"https:\\\/\\\/ecards.mawthuq.net\\\/ro\\\/about-us\\\/\",\"url\":\"https:\\\/\\\/ecards.mawthuq.net\\\/ro\\\/about-us\\\/\",\"name\":\"Sobre nosotros\",\"isPartOf\":{\"@id\":\"https:\\\/\\\/ecards.mawthuq.net\\\/ro\\\/#website\"},\"datePublished\":\"2015-10-28T09:47:49+00:00\",\"dateModified\":\"2015-11-03T12:33:20+00:00\",\"description\":\"Sobre nosotros: E-Cards.mawthuq.net\\\/es es una de las p\u00e1ginas webs de Comit\u00e9 E-Da`wah, afiliado a la Sociedad Ben\u00e9fica Al-Najat\",\"inLanguage\":\"ro-RO\",\"potentialAction\":[{\"@type\":\"ReadAction\",\"target\":[\"https:\\\/\\\/ecards.mawthuq.net\\\/ro\\\/about-us\\\/\"]}]},{\"@type\":\"WebSite\",\"@id\":\"https:\\\/\\\/ecards.mawthuq.net\\\/ro\\\/#website\",\"url\":\"https:\\\/\\\/ecards.mawthuq.net\\\/ro\\\/\",\"name\":\"WhatsApp and Social Media e-Cards\",\"description\":\"Educational and Awareness e-Cards\",\"potentialAction\":[{\"@type\":\"SearchAction\",\"target\":{\"@type\":\"EntryPoint\",\"urlTemplate\":\"https:\\\/\\\/ecards.mawthuq.net\\\/ro\\\/?s={search_term_string}\"},\"query-input\":{\"@type\":\"PropertyValueSpecification\",\"valueRequired\":true,\"valueName\":\"search_term_string\"}}],\"inLanguage\":\"ro-RO\"}]}<\/script>\n<!-- \/ Yoast SEO plugin. -->","yoast_head_json":{"title":"Sobre nosotros","description":"Sobre nosotros: E-Cards.mawthuq.net\/es es una de las p\u00e1ginas webs de Comit\u00e9 E-Da`wah, afiliado a la Sociedad Ben\u00e9fica Al-Najat","robots":{"index":"index","follow":"follow","max-snippet":"max-snippet:-1","max-image-preview":"max-image-preview:large","max-video-preview":"max-video-preview:-1"},"canonical":"https:\/\/ecards.mawthuq.net\/ro\/about-us\/","og_locale":"ro_RO","og_type":"article","og_title":"Sobre nosotros","og_description":"Sobre nosotros: E-Cards.mawthuq.net\/es es una de las p\u00e1ginas webs de Comit\u00e9 E-Da`wah, afiliado a la Sociedad Ben\u00e9fica Al-Najat","og_url":"https:\/\/ecards.mawthuq.net\/ro\/about-us\/","og_site_name":"WhatsApp and Social Media e-Cards","article_publisher":"https:\/\/www.facebook.com\/pages\/DawahCards\/1459258297701338","article_modified_time":"2015-11-03T12:33:20+00:00","og_image":[{"width":1200,"height":630,"url":"https:\/\/ecards.mawthuq.net\/ro\/wp-content\/uploads\/2017\/08\/e-cards.jpg","type":"image\/jpeg"}],"twitter_card":"summary_large_image","twitter_site":"@DawahCards","schema":{"@context":"https:\/\/schema.org","@graph":[{"@type":"WebPage","@id":"https:\/\/ecards.mawthuq.net\/ro\/about-us\/","url":"https:\/\/ecards.mawthuq.net\/ro\/about-us\/","name":"Sobre nosotros","isPartOf":{"@id":"https:\/\/ecards.mawthuq.net\/ro\/#website"},"datePublished":"2015-10-28T09:47:49+00:00","dateModified":"2015-11-03T12:33:20+00:00","description":"Sobre nosotros: E-Cards.mawthuq.net\/es es una de las p\u00e1ginas webs de Comit\u00e9 E-Da`wah, afiliado a la Sociedad Ben\u00e9fica Al-Najat","inLanguage":"ro-RO","potentialAction":[{"@type":"ReadAction","target":["https:\/\/ecards.mawthuq.net\/ro\/about-us\/"]}]},{"@type":"WebSite","@id":"https:\/\/ecards.mawthuq.net\/ro\/#website","url":"https:\/\/ecards.mawthuq.net\/ro\/","name":"WhatsApp and Social Media e-Cards","description":"Educational and Awareness e-Cards","potentialAction":[{"@type":"SearchAction","target":{"@type":"EntryPoint","urlTemplate":"https:\/\/ecards.mawthuq.net\/ro\/?s={search_term_string}"},"query-input":{"@type":"PropertyValueSpecification","valueRequired":true,"valueName":"search_term_string"}}],"inLanguage":"ro-RO"}]}},"jetpack_sharing_enabled":true,"jetpack_shortlink":"https:\/\/wp.me\/PgnIan-Q","_links":{"self":[{"href":"https:\/\/ecards.mawthuq.net\/ro\/wp-json\/wp\/v2\/pages\/52","targetHints":{"allow":["GET"]}}],"collection":[{"href":"https:\/\/ecards.mawthuq.net\/ro\/wp-json\/wp\/v2\/pages"}],"about":[{"href":"https:\/\/ecards.mawthuq.net\/ro\/wp-json\/wp\/v2\/types\/page"}],"author":[{"embeddable":true,"href":"https:\/\/ecards.mawthuq.net\/ro\/wp-json\/wp\/v2\/users\/1"}],"replies":[{"embeddable":true,"href":"https:\/\/ecards.mawthuq.net\/ro\/wp-json\/wp\/v2\/comments?post=52"}],"version-history":[{"count":3,"href":"https:\/\/ecards.mawthuq.net\/ro\/wp-json\/wp\/v2\/pages\/52\/revisions"}],"predecessor-version":[{"id":93,"href":"https:\/\/ecards.mawthuq.net\/ro\/wp-json\/wp\/v2\/pages\/52\/revisions\/93"}],"wp:attachment":[{"href":"https:\/\/ecards.mawthuq.net\/ro\/wp-json\/wp\/v2\/media?parent=52"}],"curies":[{"name":"wp","href":"https:\/\/api.w.org\/{rel}","templated":true}]}}